{"id":40,"date":"2023-06-12T14:51:18","date_gmt":"2023-06-12T13:51:18","guid":{"rendered":"https:\/\/karl-marx-city.de\/?page_id=40"},"modified":"2026-02-02T17:29:05","modified_gmt":"2026-02-02T16:29:05","slug":"technikverleih","status":"publish","type":"page","link":"https:\/\/www.klub-solitaer.de\/en\/technikverleih\/","title":{"rendered":"Technology Pool"},"content":{"rendered":"<p><span class=\"fontstyle0\">The technology pool offers photo and video equipment for streaming and audio formats, as well as technical equipment for augmented reality, virtual reality and digital mapping applications, and digital production technology. Equipment can be used on site or borrowed.<\/span><\/p>","protected":false},"excerpt":{"rendered":"<p>The technology pool offers photo and video equipment for streaming and audio formats, as well as technical equipment for augmented &#8230;<\/p>\n","protected":false},"author":1,"featured_media":0,"parent":0,"menu_order":0,"comment_status":"closed","ping_status":"closed","template":"","meta":{"footnotes":""},"class_list":["post-40","page","type-page","status-publish","hentry"],"yoast_head":"<!-- This site is optimized with the Yoast SEO plugin v27.3 - https:\/\/yoast.com\/product\/yoast-seo-wordpress\/ -->\n<title>Technology Pool - Klub Solitaer Websites<\/title>\n<meta name=\"description\" content=\"G\u00fcnstiger Technikverleih in Chemnitz f\u00fcr Licht, Ton, Video &amp; mehr. Ideal f\u00fcr Kreative und Kulturprojekte. Jetzt Verf\u00fcgbarkeit anfragen!\" \/>\n<meta name=\"robots\" content=\"index, follow, max-snippet:-1, max-image-preview:large, max-video-preview:-1\" \/>\n<link rel=\"canonical\" href=\"https:\/\/www.klub-solitaer.de\/technikverleih\/\" \/>\n<meta property=\"og:locale\" content=\"en_US\" \/>\n<meta property=\"og:type\" content=\"article\" \/>\n<meta property=\"og:title\" content=\"[:de]Technikverleih[:en]Technology Pool[:] - Klub Solitaer Websites\" \/>\n<meta property=\"og:description\" content=\"G\u00fcnstiger Technikverleih in Chemnitz f\u00fcr Licht, Ton, Video &amp; mehr. Ideal f\u00fcr Kreative und Kulturprojekte. Jetzt Verf\u00fcgbarkeit anfragen!\" \/>\n<meta property=\"og:url\" content=\"https:\/\/www.klub-solitaer.de\/technikverleih\/\" \/>\n<meta property=\"og:site_name\" content=\"Klub Solitaer Websites\" \/>\n<meta property=\"article:modified_time\" content=\"2026-02-02T16:29:05+00:00\" \/>\n<meta name=\"twitter:card\" content=\"summary_large_image\" \/>\n<script type=\"application\/ld+json\" class=\"yoast-schema-graph\">{\"@context\":\"https:\\\/\\\/schema.org\",\"@graph\":[{\"@type\":\"WebPage\",\"@id\":\"https:\\\/\\\/www.klub-solitaer.de\\\/technikverleih\\\/\",\"url\":\"https:\\\/\\\/www.klub-solitaer.de\\\/technikverleih\\\/\",\"name\":\"[:de]Technikverleih[:en]Technology Pool[:] - Klub Solitaer Websites\",\"isPartOf\":{\"@id\":\"https:\\\/\\\/www.klub-solitaer.de\\\/#website\"},\"datePublished\":\"2023-06-12T13:51:18+00:00\",\"dateModified\":\"2026-02-02T16:29:05+00:00\",\"description\":\"G\u00fcnstiger Technikverleih in Chemnitz f\u00fcr Licht, Ton, Video & mehr. Ideal f\u00fcr Kreative und Kulturprojekte. Jetzt Verf\u00fcgbarkeit anfragen!\",\"breadcrumb\":{\"@id\":\"https:\\\/\\\/www.klub-solitaer.de\\\/technikverleih\\\/#breadcrumb\"},\"inLanguage\":\"en-US\",\"potentialAction\":[{\"@type\":\"ReadAction\",\"target\":[\"https:\\\/\\\/www.klub-solitaer.de\\\/technikverleih\\\/\"]}]},{\"@type\":\"BreadcrumbList\",\"@id\":\"https:\\\/\\\/www.klub-solitaer.de\\\/technikverleih\\\/#breadcrumb\",\"itemListElement\":[{\"@type\":\"ListItem\",\"position\":1,\"name\":\"Startseite\",\"item\":\"https:\\\/\\\/www.klub-solitaer.de\\\/\"},{\"@type\":\"ListItem\",\"position\":2,\"name\":\"Technikverleih\"}]},{\"@type\":\"WebSite\",\"@id\":\"https:\\\/\\\/www.klub-solitaer.de\\\/#website\",\"url\":\"https:\\\/\\\/www.klub-solitaer.de\\\/\",\"name\":\"Klub Solitaer Websites\",\"description\":\"\",\"potentialAction\":[{\"@type\":\"SearchAction\",\"target\":{\"@type\":\"EntryPoint\",\"urlTemplate\":\"https:\\\/\\\/www.klub-solitaer.de\\\/?s={search_term_string}\"},\"query-input\":{\"@type\":\"PropertyValueSpecification\",\"valueRequired\":true,\"valueName\":\"search_term_string\"}}],\"inLanguage\":\"en-US\"}]}<\/script>\n<!-- \/ Yoast SEO plugin. -->","yoast_head_json":{"title":"[:de]Technikverleih[:en]Technology Pool[:] - Klub Solitaer Websites","description":"G\u00fcnstiger Technikverleih in Chemnitz f\u00fcr Licht, Ton, Video & mehr. Ideal f\u00fcr Kreative und Kulturprojekte. Jetzt Verf\u00fcgbarkeit anfragen!","robots":{"index":"index","follow":"follow","max-snippet":"max-snippet:-1","max-image-preview":"max-image-preview:large","max-video-preview":"max-video-preview:-1"},"canonical":"https:\/\/www.klub-solitaer.de\/technikverleih\/","og_locale":"en_US","og_type":"article","og_title":"[:de]Technikverleih[:en]Technology Pool[:] - Klub Solitaer Websites","og_description":"G\u00fcnstiger Technikverleih in Chemnitz f\u00fcr Licht, Ton, Video & mehr. Ideal f\u00fcr Kreative und Kulturprojekte. Jetzt Verf\u00fcgbarkeit anfragen!","og_url":"https:\/\/www.klub-solitaer.de\/technikverleih\/","og_site_name":"Klub Solitaer Websites","article_modified_time":"2026-02-02T16:29:05+00:00","twitter_card":"summary_large_image","schema":{"@context":"https:\/\/schema.org","@graph":[{"@type":"WebPage","@id":"https:\/\/www.klub-solitaer.de\/technikverleih\/","url":"https:\/\/www.klub-solitaer.de\/technikverleih\/","name":"[:de]Technikverleih[:en]Technology Pool[:] - Klub Solitaer Websites","isPartOf":{"@id":"https:\/\/www.klub-solitaer.de\/#website"},"datePublished":"2023-06-12T13:51:18+00:00","dateModified":"2026-02-02T16:29:05+00:00","description":"G\u00fcnstiger Technikverleih in Chemnitz f\u00fcr Licht, Ton, Video & mehr. Ideal f\u00fcr Kreative und Kulturprojekte. Jetzt Verf\u00fcgbarkeit anfragen!","breadcrumb":{"@id":"https:\/\/www.klub-solitaer.de\/technikverleih\/#breadcrumb"},"inLanguage":"en-US","potentialAction":[{"@type":"ReadAction","target":["https:\/\/www.klub-solitaer.de\/technikverleih\/"]}]},{"@type":"BreadcrumbList","@id":"https:\/\/www.klub-solitaer.de\/technikverleih\/#breadcrumb","itemListElement":[{"@type":"ListItem","position":1,"name":"Startseite","item":"https:\/\/www.klub-solitaer.de\/"},{"@type":"ListItem","position":2,"name":"Technikverleih"}]},{"@type":"WebSite","@id":"https:\/\/www.klub-solitaer.de\/#website","url":"https:\/\/www.klub-solitaer.de\/","name":"Klub Solitaer Websites","description":"","potentialAction":[{"@type":"SearchAction","target":{"@type":"EntryPoint","urlTemplate":"https:\/\/www.klub-solitaer.de\/?s={search_term_string}"},"query-input":{"@type":"PropertyValueSpecification","valueRequired":true,"valueName":"search_term_string"}}],"inLanguage":"en-US"}]}},"_links":{"self":[{"href":"https:\/\/www.klub-solitaer.de\/en\/wp-json\/wp\/v2\/pages\/40","targetHints":{"allow":["GET"]}}],"collection":[{"href":"https:\/\/www.klub-solitaer.de\/en\/wp-json\/wp\/v2\/pages"}],"about":[{"href":"https:\/\/www.klub-solitaer.de\/en\/wp-json\/wp\/v2\/types\/page"}],"author":[{"embeddable":true,"href":"https:\/\/www.klub-solitaer.de\/en\/wp-json\/wp\/v2\/users\/1"}],"replies":[{"embeddable":true,"href":"https:\/\/www.klub-solitaer.de\/en\/wp-json\/wp\/v2\/comments?post=40"}],"version-history":[{"count":3,"href":"https:\/\/www.klub-solitaer.de\/en\/wp-json\/wp\/v2\/pages\/40\/revisions"}],"predecessor-version":[{"id":653,"href":"https:\/\/www.klub-solitaer.de\/en\/wp-json\/wp\/v2\/pages\/40\/revisions\/653"}],"wp:attachment":[{"href":"https:\/\/www.klub-solitaer.de\/en\/wp-json\/wp\/v2\/media?parent=40"}],"curies":[{"name":"wp","href":"https:\/\/api.w.org\/{rel}","templated":true}]}}