{"id":22,"date":"2023-06-12T14:30:18","date_gmt":"2023-06-12T13:30:18","guid":{"rendered":"https:\/\/karl-marx-city.de\/?page_id=22"},"modified":"2026-02-02T17:24:32","modified_gmt":"2026-02-02T16:24:32","slug":"anfragen-mieten","status":"publish","type":"page","link":"https:\/\/www.klub-solitaer.de\/en\/anfragen-mieten\/","title":{"rendered":"Enquiries | Rentals"},"content":{"rendered":"<p>The rooms of Klub Solitaer e.V. are brought to life by the voluntary commitment of many different people who contribute their ideas, creativity and energy, thus helping to shape the district. That&#8217;s why we are always looking for new people who want to be part of it.<\/p>\n<p>But there is also room here for your own and temporary projects. You have the following options:<\/p>\n<p><span style=\"font-weight: 400\"><ul class=\"accordion shortcode-accordion\" data-accordion data-allow-all-closed=\"true\"><\/p>\n<p><li class=\"accordion-item\" data-accordion-item><a href=\"#\" class=\"accordion-title\"><span>LOKOMOV cultural space<\/span><span class=\"accordion-spacer\"><\/span><\/a><div class=\"accordion-content\" data-tab-content>\nWhether it&#8217;s a birthday, graduation, anniversary or anything else you want to celebrate \u2013 with us, you don&#8217;t pay any rent during regular opening hours and still get a great location! Feel free to write to us on Instagram <a href=\"https:\/\/www.instagram.com\/lokomov2011\/\">@lokomov2011<\/a> or at <a href=\"mailto:booking@klub-solitaer.de\">booking@klub-solitaer.de<\/a> and we&#8217;ll work with you to find a suitable evening!\nWe can discuss the conditions and options outside of opening hours on an individual basis.<\/p>\n<p><\/div><\/li><\/p>\n<p><li class=\"accordion-item\" data-accordion-item><a href=\"#\" class=\"accordion-title\"><span>SPAETI project space<\/span><span class=\"accordion-spacer\"><\/span><\/a><div class=\"accordion-content\" data-tab-content>\nThe corner shop on Jakobstra\u00dfe offers large windows, a drinks fridge, crockery and dishwasher, variable tables and chairs, and individually adjustable lighting, providing a fine setting for your workshop, regular group meetings or small celebrations. Drinks can be provided.\n<\/div><\/li><\/p>\n<p><li class=\"accordion-item\" data-accordion-item><a href=\"#\" class=\"accordion-title\"><span>Workshops<\/span><span class=\"accordion-spacer\"><\/span><\/a><div class=\"accordion-content\" data-tab-content>\nYou can also get creative in our workshop studio, which combines a printing workshop and digital lab under one roof: linocut, etching or clamp block printing \u2013 in the <a href=\"https:\/\/www.klub-solitaer.de\/kulturort\/druckwerkstatt\/\">printing workshop <\/a>, you <a href=\"https:\/\/www.klub-solitaer.de\/kulturort\/druckwerkstatt\/\">can <\/a>learn various techniques of relief, intaglio and planographic printing and design and print graphics.<\/p>\n<p>VR glasses, 3D printers, Arduino craft kits, a 360-degree camera, LED panels and other digital technology can be found in <a href=\"https:\/\/www.klub-solitaer.de\/kulturort\/digitallabor\/\">the digital lab<\/a>.<\/p>\n<p>For photographers, there is a <a href=\"https:\/\/www.klub-solitaer.de\/kulturort\/fotolabor\/\">photo lab<\/a> for developing and printing analogue photographs. We also have a small <a href=\"https:\/\/www.klub-solitaer.de\/kulturort\/fotostudio\/\">photo studio<\/a> that can be rented.<\/p>\n<p><\/div><\/li><\/p>\n<p><\/ul><\/span><\/p>\n<p>\n<div class=\"wpcf7 no-js\" id=\"wpcf7-f86-o2\" lang=\"de-DE\" dir=\"ltr\" data-wpcf7-id=\"86\">\n<div class=\"screen-reader-response\"><p role=\"status\" aria-live=\"polite\" aria-atomic=\"true\"><\/p> <ul><\/ul><\/div>\n<form action=\"\/en\/wp-json\/wp\/v2\/pages\/22#wpcf7-f86-o2\" method=\"post\" class=\"wpcf7-form init\" aria-label=\"Kontaktformular\" novalidate=\"novalidate\" data-status=\"init\">\n<fieldset class=\"hidden-fields-container\"><input type=\"hidden\" name=\"_wpcf7\" value=\"86\" \/><input type=\"hidden\" name=\"_wpcf7_version\" value=\"6.1.5\" \/><input type=\"hidden\" name=\"_wpcf7_locale\" value=\"de_DE_formal\" \/><input type=\"hidden\" name=\"_wpcf7_unit_tag\" value=\"wpcf7-f86-o2\" \/><input type=\"hidden\" name=\"_wpcf7_container_post\" value=\"0\" \/><input type=\"hidden\" name=\"_wpcf7_posted_data_hash\" value=\"\" \/>\n<\/fieldset>\n<div class=\"grid-x grid-margin-x\">\n<div class=\"cell small-12 medium-6\">\n <label> Name*\n    <span class=\"wpcf7-form-control-wrap\" data-name=\"your-name\"><input size=\"40\" maxlength=\"400\" class=\"wpcf7-form-control wpcf7-text wpcf7-validates-as-required\" autocomplete=\"name\" aria-required=\"true\" aria-invalid=\"false\" value=\"\" type=\"text\" name=\"your-name\" \/><\/span> <\/label>\n<\/div>\n\n<div style=\"height:0;\">\n<span id=\"wpcf7-69defe60d1876-wrapper\" class=\"wpcf7-form-control-wrap first-name-wrap\" style=\"display:none !important; visibility:hidden !important;\"><label for=\"wpcf7-69defe60d1876-field\" class=\"hp-message\">Bitte lassen Sie dieses Feld leer.<\/label><input id=\"wpcf7-69defe60d1876-field\"  class=\"wpcf7-form-control wpcf7-text\" type=\"text\" name=\"first-name\" value=\"\" size=\"40\" tabindex=\"-1\" autocomplete=\"new-password\" \/><\/span>\n<span id=\"wpcf7-69defe60d18a1-wrapper\" class=\"wpcf7-form-control-wrap last-name-wrap\" style=\"display:none !important; visibility:hidden !important;\"><label for=\"wpcf7-69defe60d18a1-field\" class=\"hp-message\">Bitte lassen Sie dieses Feld leer.<\/label><input id=\"wpcf7-69defe60d18a1-field\"  class=\"wpcf7-form-control wpcf7-text\" type=\"text\" name=\"last-name\" value=\"\" size=\"40\" tabindex=\"-1\" autocomplete=\"new-password\" \/><\/span>\n<\/div>\n\n<div class=\"cell small-12 medium-6\">\n<label> E-Mail-Adresse*\n    <span class=\"wpcf7-form-control-wrap\" data-name=\"your-email\"><input size=\"40\" maxlength=\"400\" class=\"wpcf7-form-control wpcf7-email wpcf7-validates-as-required wpcf7-text wpcf7-validates-as-email\" autocomplete=\"email\" aria-required=\"true\" aria-invalid=\"false\" value=\"\" type=\"email\" name=\"your-email\" \/><\/span> <\/label>\n<\/div>\n<div class=\"cell small-12 medium-6\">\n<label> Betreff*\n    <span class=\"wpcf7-form-control-wrap\" data-name=\"your-subject\"><input size=\"40\" maxlength=\"400\" class=\"wpcf7-form-control wpcf7-text wpcf7-validates-as-required\" aria-required=\"true\" aria-invalid=\"false\" value=\"\" type=\"text\" name=\"your-subject\" \/><\/span> <\/label>\n<\/div>\n<div class=\"cell small-12\">\n<label> Nachricht*\n    <span class=\"wpcf7-form-control-wrap\" data-name=\"your-message\"><textarea cols=\"40\" rows=\"10\" maxlength=\"2000\" class=\"wpcf7-form-control wpcf7-textarea wpcf7-validates-as-required\" aria-required=\"true\" aria-invalid=\"false\" name=\"your-message\"><\/textarea><\/span> <\/label>\n<\/div>\n\n<div class=\"cell small-12  medium-4\">\n<label>Please enter the following code:\n<input type=\"hidden\" name=\"_wpcf7_captcha_challenge_ksc-captcha\" value=\"4131647713\" \/><img loading=\"lazy\" decoding=\"async\" class=\"wpcf7-form-control wpcf7-captchac wpcf7-captcha-ksc-captcha\" width=\"84\" height=\"28\" alt=\"captcha\" src=\"https:\/\/www.klub-solitaer.de\/wp-content\/uploads\/wpcf7_captcha\/4131647713.png\" \/>\n<span class=\"wpcf7-form-control-wrap\" data-name=\"ksc-captcha\"><input size=\"40\" class=\"wpcf7-form-control wpcf7-captchar\" autocomplete=\"off\" aria-invalid=\"false\" value=\"\" type=\"text\" name=\"ksc-captcha\" \/><\/span><\/label>\n<\/div>\n\n<div class=\"cell small-12\">\n<input class=\"wpcf7-form-control wpcf7-submit has-spinner\" type=\"submit\" value=\"absenden\" \/>\n<\/div>\n<\/div><div class=\"wpcf7-response-output\" aria-hidden=\"true\"><\/div>\n<\/form>\n<\/div>\n<\/p>","protected":false},"excerpt":{"rendered":"<p>The rooms of Klub Solitaer e.V. are brought to life by the voluntary commitment of many different people who contribute &#8230;<\/p>\n","protected":false},"author":1,"featured_media":0,"parent":0,"menu_order":0,"comment_status":"closed","ping_status":"closed","template":"","meta":{"footnotes":""},"class_list":["post-22","page","type-page","status-publish","hentry"],"yoast_head":"<!-- This site is optimized with the Yoast SEO plugin v27.4 - https:\/\/yoast.com\/product\/yoast-seo-wordpress\/ -->\n<title>Enquiries | Rentals - Klub Solitaer Websites<\/title>\n<meta name=\"description\" content=\"Feiern im Lokomov, Workshops im Sp\u00e4ti oder kreativ in der Werkstatt: Miete R\u00e4ume f\u00fcr dein Projekt im Chemnitzer Sonnenberg. Jetzt anfragen!\" \/>\n<meta name=\"robots\" content=\"index, follow, max-snippet:-1, max-image-preview:large, max-video-preview:-1\" \/>\n<link rel=\"canonical\" href=\"https:\/\/www.klub-solitaer.de\/anfragen-mieten\/\" \/>\n<meta property=\"og:locale\" content=\"en_US\" \/>\n<meta property=\"og:type\" content=\"article\" \/>\n<meta property=\"og:title\" content=\"[:de]Anfragen | Mieten[:en]Enquiries | Rentals[:] - Klub Solitaer Websites\" \/>\n<meta property=\"og:description\" content=\"Feiern im Lokomov, Workshops im Sp\u00e4ti oder kreativ in der Werkstatt: Miete R\u00e4ume f\u00fcr dein Projekt im Chemnitzer Sonnenberg. Jetzt anfragen!\" \/>\n<meta property=\"og:url\" content=\"https:\/\/www.klub-solitaer.de\/anfragen-mieten\/\" \/>\n<meta property=\"og:site_name\" content=\"Klub Solitaer Websites\" \/>\n<meta property=\"article:modified_time\" content=\"2026-02-02T16:24:32+00:00\" \/>\n<meta name=\"twitter:card\" content=\"summary_large_image\" \/>\n<script type=\"application\/ld+json\" class=\"yoast-schema-graph\">{\"@context\":\"https:\\\/\\\/schema.org\",\"@graph\":[{\"@type\":\"WebPage\",\"@id\":\"https:\\\/\\\/www.klub-solitaer.de\\\/anfragen-mieten\\\/\",\"url\":\"https:\\\/\\\/www.klub-solitaer.de\\\/anfragen-mieten\\\/\",\"name\":\"[:de]Anfragen | Mieten[:en]Enquiries | Rentals[:] - Klub Solitaer Websites\",\"isPartOf\":{\"@id\":\"https:\\\/\\\/www.klub-solitaer.de\\\/#website\"},\"datePublished\":\"2023-06-12T13:30:18+00:00\",\"dateModified\":\"2026-02-02T16:24:32+00:00\",\"description\":\"Feiern im Lokomov, Workshops im Sp\u00e4ti oder kreativ in der Werkstatt: Miete R\u00e4ume f\u00fcr dein Projekt im Chemnitzer Sonnenberg. Jetzt anfragen!\",\"breadcrumb\":{\"@id\":\"https:\\\/\\\/www.klub-solitaer.de\\\/anfragen-mieten\\\/#breadcrumb\"},\"inLanguage\":\"en-US\",\"potentialAction\":[{\"@type\":\"ReadAction\",\"target\":[\"https:\\\/\\\/www.klub-solitaer.de\\\/anfragen-mieten\\\/\"]}]},{\"@type\":\"BreadcrumbList\",\"@id\":\"https:\\\/\\\/www.klub-solitaer.de\\\/anfragen-mieten\\\/#breadcrumb\",\"itemListElement\":[{\"@type\":\"ListItem\",\"position\":1,\"name\":\"Startseite\",\"item\":\"https:\\\/\\\/www.klub-solitaer.de\\\/\"},{\"@type\":\"ListItem\",\"position\":2,\"name\":\"Anfragen | Mieten\"}]},{\"@type\":\"WebSite\",\"@id\":\"https:\\\/\\\/www.klub-solitaer.de\\\/#website\",\"url\":\"https:\\\/\\\/www.klub-solitaer.de\\\/\",\"name\":\"Klub Solitaer Websites\",\"description\":\"\",\"potentialAction\":[{\"@type\":\"SearchAction\",\"target\":{\"@type\":\"EntryPoint\",\"urlTemplate\":\"https:\\\/\\\/www.klub-solitaer.de\\\/?s={search_term_string}\"},\"query-input\":{\"@type\":\"PropertyValueSpecification\",\"valueRequired\":true,\"valueName\":\"search_term_string\"}}],\"inLanguage\":\"en-US\"}]}<\/script>\n<!-- \/ Yoast SEO plugin. -->","yoast_head_json":{"title":"[:de]Anfragen | Mieten[:en]Enquiries | Rentals[:] - Klub Solitaer Websites","description":"Feiern im Lokomov, Workshops im Sp\u00e4ti oder kreativ in der Werkstatt: Miete R\u00e4ume f\u00fcr dein Projekt im Chemnitzer Sonnenberg. Jetzt anfragen!","robots":{"index":"index","follow":"follow","max-snippet":"max-snippet:-1","max-image-preview":"max-image-preview:large","max-video-preview":"max-video-preview:-1"},"canonical":"https:\/\/www.klub-solitaer.de\/anfragen-mieten\/","og_locale":"en_US","og_type":"article","og_title":"[:de]Anfragen | Mieten[:en]Enquiries | Rentals[:] - Klub Solitaer Websites","og_description":"Feiern im Lokomov, Workshops im Sp\u00e4ti oder kreativ in der Werkstatt: Miete R\u00e4ume f\u00fcr dein Projekt im Chemnitzer Sonnenberg. Jetzt anfragen!","og_url":"https:\/\/www.klub-solitaer.de\/anfragen-mieten\/","og_site_name":"Klub Solitaer Websites","article_modified_time":"2026-02-02T16:24:32+00:00","twitter_card":"summary_large_image","schema":{"@context":"https:\/\/schema.org","@graph":[{"@type":"WebPage","@id":"https:\/\/www.klub-solitaer.de\/anfragen-mieten\/","url":"https:\/\/www.klub-solitaer.de\/anfragen-mieten\/","name":"[:de]Anfragen | Mieten[:en]Enquiries | Rentals[:] - Klub Solitaer Websites","isPartOf":{"@id":"https:\/\/www.klub-solitaer.de\/#website"},"datePublished":"2023-06-12T13:30:18+00:00","dateModified":"2026-02-02T16:24:32+00:00","description":"Feiern im Lokomov, Workshops im Sp\u00e4ti oder kreativ in der Werkstatt: Miete R\u00e4ume f\u00fcr dein Projekt im Chemnitzer Sonnenberg. Jetzt anfragen!","breadcrumb":{"@id":"https:\/\/www.klub-solitaer.de\/anfragen-mieten\/#breadcrumb"},"inLanguage":"en-US","potentialAction":[{"@type":"ReadAction","target":["https:\/\/www.klub-solitaer.de\/anfragen-mieten\/"]}]},{"@type":"BreadcrumbList","@id":"https:\/\/www.klub-solitaer.de\/anfragen-mieten\/#breadcrumb","itemListElement":[{"@type":"ListItem","position":1,"name":"Startseite","item":"https:\/\/www.klub-solitaer.de\/"},{"@type":"ListItem","position":2,"name":"Anfragen | Mieten"}]},{"@type":"WebSite","@id":"https:\/\/www.klub-solitaer.de\/#website","url":"https:\/\/www.klub-solitaer.de\/","name":"Klub Solitaer Websites","description":"","potentialAction":[{"@type":"SearchAction","target":{"@type":"EntryPoint","urlTemplate":"https:\/\/www.klub-solitaer.de\/?s={search_term_string}"},"query-input":{"@type":"PropertyValueSpecification","valueRequired":true,"valueName":"search_term_string"}}],"inLanguage":"en-US"}]}},"_links":{"self":[{"href":"https:\/\/www.klub-solitaer.de\/en\/wp-json\/wp\/v2\/pages\/22","targetHints":{"allow":["GET"]}}],"collection":[{"href":"https:\/\/www.klub-solitaer.de\/en\/wp-json\/wp\/v2\/pages"}],"about":[{"href":"https:\/\/www.klub-solitaer.de\/en\/wp-json\/wp\/v2\/types\/page"}],"author":[{"embeddable":true,"href":"https:\/\/www.klub-solitaer.de\/en\/wp-json\/wp\/v2\/users\/1"}],"replies":[{"embeddable":true,"href":"https:\/\/www.klub-solitaer.de\/en\/wp-json\/wp\/v2\/comments?post=22"}],"version-history":[{"count":11,"href":"https:\/\/www.klub-solitaer.de\/en\/wp-json\/wp\/v2\/pages\/22\/revisions"}],"predecessor-version":[{"id":1528,"href":"https:\/\/www.klub-solitaer.de\/en\/wp-json\/wp\/v2\/pages\/22\/revisions\/1528"}],"wp:attachment":[{"href":"https:\/\/www.klub-solitaer.de\/en\/wp-json\/wp\/v2\/media?parent=22"}],"curies":[{"name":"wp","href":"https:\/\/api.w.org\/{rel}","templated":true}]}}